{"id":27,"date":"2025-10-11T10:38:59","date_gmt":"2025-10-11T14:38:59","guid":{"rendered":"https:\/\/jcorach.dectim.ca\/webjam\/?page_id=27"},"modified":"2025-10-12T10:15:40","modified_gmt":"2025-10-12T14:15:40","slug":"membres","status":"publish","type":"page","link":"https:\/\/jcorach.dectim.ca\/webjam\/membres\/","title":{"rendered":"Notre \u00e9quipe"},"content":{"rendered":"\n<p>Nous sommes une cellule clandestine de cr\u00e9ateurs, hackers et archivistes culturels. Unis par la conviction que la culture appartient \u00e0 tous, nous d\u00e9veloppons le Forbidden Book et alimentons ses archives. Chacun risque sa libert\u00e9 pour pr\u00e9server la v\u00f4tre.<\/p>\n\n\n\n<p><\/p>\n","protected":false},"excerpt":{"rendered":"<p>Nous sommes une cellule clandestine de cr\u00e9ateurs, hackers et archivistes culturels. Unis par la conviction que la culture appartient \u00e0 tous, nous d\u00e9veloppons le Forbidden Book et alimentons ses archives. Chacun risque sa libert\u00e9 pour pr\u00e9server la v\u00f4tre.<\/p>\n","protected":false},"author":4,"featured_media":281,"parent":0,"menu_order":0,"comment_status":"closed","ping_status":"closed","template":"tpl-membre.php","meta":{"_acf_changed":false,"footnotes":""},"class_list":["post-27","page","type-page","status-publish","has-post-thumbnail","hentry"],"acf":[],"_links":{"self":[{"href":"https:\/\/jcorach.dectim.ca\/webjam\/wp-json\/wp\/v2\/pages\/27","targetHints":{"allow":["GET"]}}],"collection":[{"href":"https:\/\/jcorach.dectim.ca\/webjam\/wp-json\/wp\/v2\/pages"}],"about":[{"href":"https:\/\/jcorach.dectim.ca\/webjam\/wp-json\/wp\/v2\/types\/page"}],"author":[{"embeddable":true,"href":"https:\/\/jcorach.dectim.ca\/webjam\/wp-json\/wp\/v2\/users\/4"}],"replies":[{"embeddable":true,"href":"https:\/\/jcorach.dectim.ca\/webjam\/wp-json\/wp\/v2\/comments?post=27"}],"version-history":[{"count":7,"href":"https:\/\/jcorach.dectim.ca\/webjam\/wp-json\/wp\/v2\/pages\/27\/revisions"}],"predecessor-version":[{"id":283,"href":"https:\/\/jcorach.dectim.ca\/webjam\/wp-json\/wp\/v2\/pages\/27\/revisions\/283"}],"wp:featuredmedia":[{"embeddable":true,"href":"https:\/\/jcorach.dectim.ca\/webjam\/wp-json\/wp\/v2\/media\/281"}],"wp:attachment":[{"href":"https:\/\/jcorach.dectim.ca\/webjam\/wp-json\/wp\/v2\/media?parent=27"}],"curies":[{"name":"wp","href":"https:\/\/api.w.org\/{rel}","templated":true}]}}